{"id":45,"date":"2020-05-01T09:44:23","date_gmt":"2020-05-01T09:44:23","guid":{"rendered":"https:\/\/livewp.site\/wp\/md\/juris\/?page_id=45"},"modified":"2020-05-26T08:52:41","modified_gmt":"2020-05-26T08:52:41","slug":"objave","status":"publish","type":"page","link":"https:\/\/www.op-zagorc.si\/en\/objave\/","title":{"rendered":"Posts"},"content":{"rendered":"<div data-elementor-type=\"wp-page\" data-elementor-id=\"45\" class=\"elementor elementor-45\" data-elementor-post-type=\"page\">\n\t\t\t\t\t\t\t\t\t<section class=\"elementor-section elementor-top-section elementor-element elementor-element-7fb6b65 elementor-section-boxed elementor-section-height-default elementor-section-height-default\" data-id=\"7fb6b65\" data-element_type=\"section\">\n\t\t\t\t\t\t<div class=\"elementor-container elementor-column-gap-default\">\n\t\t\t\t\t<div class=\"elementor-column elementor-col-100 elementor-top-column elementor-element elementor-element-afaee10\" data-id=\"afaee10\" data-element_type=\"column\">\n\t\t\t<div class=\"elementor-widget-wrap elementor-element-populated\">\n\t\t\t\t\t\t\t\t<div class=\"elementor-element elementor-element-f0bcde1 post_has_media_content-yes elementor-widget elementor-widget-gt3-core-blog\" data-id=\"f0bcde1\" data-element_type=\"widget\" data-widget_type=\"gt3-core-blog.default\">\n\t\t\t\t<div class=\"elementor-widget-container\">\n\t\t\t<script type=\"application\/json\" id=\"settings--f0bcde1\">{\"packery\":false,\"isotope_settings\":{\"layoutMode\":\"masonry\"}}<\/script>\t<div class=\"gt3_module_blog items3  items_type1\">\r\n\t\t\t\t<div class=\"spacing_beetween_items_30 isotope_blog_items isotope\"><div class=\"blog_post_preview isotope_item isotope-item loading element format-standard-image gospodarsko-pravo packery_blog_item_1 has_post_boxed_content\">\r\n                        <div class=\"item_wrapper\" >\r\n                            <div class=\"blog_content\"><div class=\"blog_post_media\"><img decoding=\"async\" src=\"https:\/\/www.op-zagorc.si\/wp-content\/uploads\/2020\/11\/Objava.jpg\" alt=\"\" \/><\/div><div class=\"gt3_page_title_cats\"><span class=\"post_category\"><a href=\"https:\/\/www.op-zagorc.si\/en\/category\/gospodarsko-pravo\/\" rel=\"category tag\">Gospodarsko pravo<\/a><\/span><\/div><h2 class=\"blogpost_title\"><a href=\"https:\/\/www.op-zagorc.si\/en\/2020\/11\/29\/vlada-je-sprejela-predlog-zakona-o-spremembah-in-dopolnitvah-zakona-o-gospodarskih-druzbah\/\">Vlada je sprejela predlog zakona o spremembah in dopolnitvah Zakona o gospodarskih dru\u017ebah<\/a><\/h2><div class=\"listing_meta_wrap\"><div class=\"listing_meta\"><span class=\"post_category\"><a href=\"https:\/\/www.op-zagorc.si\/en\/category\/gospodarsko-pravo\/\" rel=\"category tag\">Gospodarsko pravo<\/a><\/span><span class=\"post_date\">29\/11\/2020<\/span><\/div><\/div><div class=\"clear post_clear\"><\/div><div class=\"gt3_post_footer\"><div class=\"gt3_module_button_list\"><a href=\"https:\/\/www.op-zagorc.si\/en\/2020\/11\/29\/vlada-je-sprejela-predlog-zakona-o-spremembah-in-dopolnitvah-zakona-o-gospodarskih-druzbah\/\">Preberi ve\u010d<\/a><\/div><div class=\"clear\"><\/div><\/div><\/div>\r\n\t\t\t\t\t\t<\/div>\r\n\t\t\t\t\t<\/div>\r\n\t\t\t\t\t<div class=\"blog_post_preview isotope_item isotope-item loading element format-standard-image finance packery_blog_item_2 has_post_boxed_content\">\r\n                        <div class=\"item_wrapper\" >\r\n                            <div class=\"blog_content\"><div class=\"blog_post_media\"><img decoding=\"async\" src=\"https:\/\/www.op-zagorc.si\/wp-content\/uploads\/2020\/01\/image1.png\" alt=\"\" \/><\/div><div class=\"gt3_page_title_cats\"><span class=\"post_category\"><a href=\"https:\/\/www.op-zagorc.si\/en\/category\/finance\/\" rel=\"category tag\">Finance<\/a><\/span><\/div><h2 class=\"blogpost_title\"><a href=\"https:\/\/www.op-zagorc.si\/en\/2020\/11\/11\/ustavno-sodisce-je-razveljavilo-68-a-clen-zakona-o-davcnem-postopku-glede-odmere-davka-od-nenapovedanih-dohodkov\/\">Ustavno sodi\u0161\u010de je razveljavilo 68.a \u010dlen Zakona o dav\u010dnem postopku glede odmere davka od nenapovedanih dohodkov<\/a><\/h2><div class=\"listing_meta_wrap\"><div class=\"listing_meta\"><span class=\"post_category\"><a href=\"https:\/\/www.op-zagorc.si\/en\/category\/finance\/\" rel=\"category tag\">Finance<\/a><\/span><span class=\"post_date\">11\/11\/2020<\/span><\/div><\/div><div class=\"clear post_clear\"><\/div><div class=\"gt3_post_footer\"><div class=\"gt3_module_button_list\"><a href=\"https:\/\/www.op-zagorc.si\/en\/2020\/11\/11\/ustavno-sodisce-je-razveljavilo-68-a-clen-zakona-o-davcnem-postopku-glede-odmere-davka-od-nenapovedanih-dohodkov\/\">Preberi ve\u010d<\/a><\/div><div class=\"clear\"><\/div><\/div><\/div>\r\n\t\t\t\t\t\t<\/div>\r\n\t\t\t\t\t<\/div>\r\n\t\t\t\t\t<div class=\"blog_post_preview isotope_item isotope-item loading element format-standard-image intelektualna-lastnina packery_blog_item_3 has_post_boxed_content\">\r\n                        <div class=\"item_wrapper\" >\r\n                            <div class=\"blog_content\"><div class=\"blog_post_media\"><img decoding=\"async\" src=\"https:\/\/www.op-zagorc.si\/wp-content\/uploads\/2020\/04\/image2.jpeg\" alt=\"\" \/><\/div><div class=\"gt3_page_title_cats\"><span class=\"post_category\"><a href=\"https:\/\/www.op-zagorc.si\/en\/category\/intelektualna-lastnina\/\" rel=\"category tag\">Intellectual property<\/a><\/span><\/div><h2 class=\"blogpost_title\"><a href=\"https:\/\/www.op-zagorc.si\/en\/2020\/06\/08\/objava4\/\">Mnenje prito\u017ebenega senata Evropskega patentnega urada glede patentiranja rastlin in \u017eivali<\/a><\/h2><div class=\"listing_meta_wrap\"><div class=\"listing_meta\"><span class=\"post_category\"><a href=\"https:\/\/www.op-zagorc.si\/en\/category\/intelektualna-lastnina\/\" rel=\"category tag\">Intellectual property<\/a><\/span><span class=\"post_date\">08\/06\/2020<\/span><\/div><\/div><div class=\"clear post_clear\"><\/div><div class=\"gt3_post_footer\"><div class=\"gt3_module_button_list\"><a href=\"https:\/\/www.op-zagorc.si\/en\/2020\/06\/08\/objava4\/\">Preberi ve\u010d<\/a><\/div><div class=\"clear\"><\/div><\/div><\/div>\r\n\t\t\t\t\t\t<\/div>\r\n\t\t\t\t\t<\/div>\r\n\t\t\t\t\t<div class=\"blog_post_preview isotope_item isotope-item loading element format-standard-image finance-in-bancnistvo packery_blog_item_4 has_post_boxed_content\">\r\n                        <div class=\"item_wrapper\" >\r\n                            <div class=\"blog_content\"><div class=\"blog_post_media\"><img decoding=\"async\" src=\"https:\/\/www.op-zagorc.si\/wp-content\/uploads\/2020\/04\/image3.jpeg\" alt=\"\" \/><\/div><div class=\"gt3_page_title_cats\"><span class=\"post_category\"><a href=\"https:\/\/www.op-zagorc.si\/en\/category\/finance-in-bancnistvo\/\" rel=\"category tag\">Finance and banking<\/a><\/span><\/div><h2 class=\"blogpost_title\"><a href=\"https:\/\/www.op-zagorc.si\/en\/2020\/05\/30\/objava2\/\">Banke lahko pri izra\u010dunavanju kreditne sposobnosti izlo\u010dijo za\u010dasno zni\u017eanje dohodkov zaradi epidemije COVID-19<\/a><\/h2><div class=\"listing_meta_wrap\"><div class=\"listing_meta\"><span class=\"post_category\"><a href=\"https:\/\/www.op-zagorc.si\/en\/category\/finance-in-bancnistvo\/\" rel=\"category tag\">Finance and banking<\/a><\/span><span class=\"post_date\">30\/05\/2020<\/span><\/div><\/div><div class=\"clear post_clear\"><\/div><div class=\"gt3_post_footer\"><div class=\"gt3_module_button_list\"><a href=\"https:\/\/www.op-zagorc.si\/en\/2020\/05\/30\/objava2\/\">Preberi ve\u010d<\/a><\/div><div class=\"clear\"><\/div><\/div><\/div>\r\n\t\t\t\t\t\t<\/div>\r\n\t\t\t\t\t<\/div>\r\n\t\t\t\t\t<div class=\"blog_post_preview isotope_item isotope-item loading element format-standard-image financno-prestrukturiranje-in-insolvencno-pravo packery_blog_item_5 has_post_boxed_content\">\r\n                        <div class=\"item_wrapper\" >\r\n                            <div class=\"blog_content\"><div class=\"blog_post_media\"><img decoding=\"async\" src=\"https:\/\/www.op-zagorc.si\/wp-content\/uploads\/2020\/01\/image1.png\" alt=\"\" \/><\/div><div class=\"gt3_page_title_cats\"><span class=\"post_category\"><a href=\"https:\/\/www.op-zagorc.si\/en\/category\/financno-prestrukturiranje-in-insolvencno-pravo\/\" rel=\"category tag\">Financial restructuring and insolvency<\/a><\/span><\/div><h2 class=\"blogpost_title\"><a href=\"https:\/\/www.op-zagorc.si\/en\/2020\/05\/25\/objava-1\/\">Ustavno sodi\u0161\u010de je ugotovilo neskladnost dolo\u010dbe Zakona o finan\u010dnem poslovanju, postopkih zaradi insolventnosti in prisilnem prenehanju glede odpusta obveznosti<\/a><\/h2><div class=\"listing_meta_wrap\"><div class=\"listing_meta\"><span class=\"post_category\"><a href=\"https:\/\/www.op-zagorc.si\/en\/category\/financno-prestrukturiranje-in-insolvencno-pravo\/\" rel=\"category tag\">Financial restructuring and insolvency<\/a><\/span><span class=\"post_date\">25\/05\/2020<\/span><\/div><\/div><div class=\"clear post_clear\"><\/div><div class=\"gt3_post_footer\"><div class=\"gt3_module_button_list\"><a href=\"https:\/\/www.op-zagorc.si\/en\/2020\/05\/25\/objava-1\/\">Preberi ve\u010d<\/a><\/div><div class=\"clear\"><\/div><\/div><\/div>\r\n\t\t\t\t\t\t<\/div>\r\n\t\t\t\t\t<\/div>\r\n\t\t\t\t\t<\/div>\t<\/div>\r\n\t\t<\/div>\n\t\t\t\t<\/div>\n\t\t\t\t\t<\/div>\n\t\t<\/div>\n\t\t\t\t\t\t\t<\/div>\n\t\t<\/section>\n\t\t\t\t\t\t\t<\/div>","protected":false},"excerpt":{"rendered":"<p>Nepremi\u010dnine in gradbeni\u0161tvo Objava 4 Nepremi\u010dnine in gradbeni\u0161tvoSeptember 10, 2019Preberi ve\u010d Finance in ban\u010dni\u0161tvo Objava 2 Finance in ban\u010dni\u0161tvoSeptember 10, 2019Preberi ve\u010d Novice Objava 3 NoviceSeptember 10, 2019Preberi ve\u010d Gospodarsko pravo Objava 1 Gospodarsko pravoSeptember 9, 2019Preberi ve\u010d<\/p>","protected":false},"author":1,"featured_media":0,"parent":0,"menu_order":0,"comment_status":"closed","ping_status":"closed","template":"","meta":{"footnotes":""},"_links":{"self":[{"href":"https:\/\/www.op-zagorc.si\/en\/wp-json\/wp\/v2\/pages\/45"}],"collection":[{"href":"https:\/\/www.op-zagorc.si\/en\/wp-json\/wp\/v2\/pages"}],"about":[{"href":"https:\/\/www.op-zagorc.si\/en\/wp-json\/wp\/v2\/types\/page"}],"author":[{"embeddable":true,"href":"https:\/\/www.op-zagorc.si\/en\/wp-json\/wp\/v2\/users\/1"}],"replies":[{"embeddable":true,"href":"https:\/\/www.op-zagorc.si\/en\/wp-json\/wp\/v2\/comments?post=45"}],"version-history":[{"count":6,"href":"https:\/\/www.op-zagorc.si\/en\/wp-json\/wp\/v2\/pages\/45\/revisions"}],"predecessor-version":[{"id":2206,"href":"https:\/\/www.op-zagorc.si\/en\/wp-json\/wp\/v2\/pages\/45\/revisions\/2206"}],"wp:attachment":[{"href":"https:\/\/www.op-zagorc.si\/en\/wp-json\/wp\/v2\/media?parent=45"}],"curies":[{"name":"wp","href":"https:\/\/api.w.org\/{rel}","templated":true}]}}